{"id":872,"date":"2019-02-05T12:45:09","date_gmt":"2019-02-05T11:45:09","guid":{"rendered":"http:\/\/www.harmoning.fr\/?page_id=872"},"modified":"2023-02-07T11:25:20","modified_gmt":"2023-02-07T10:25:20","slug":"bibliotheque","status":"publish","type":"page","link":"https:\/\/www.harmoning.fr\/?page_id=872","title":{"rendered":"Biblioth\u00e8que"},"content":{"rendered":"<p><span style=\"color: #000080;\"><strong>Des ouvrages de d\u00e9veloppement personnel<\/strong> sont mis \u00e0 la disposition des participants aux ateliers et au coaching individuel. Ils sont en acc\u00e8s libre au pr\u00eat pour une semaine \u00e0 raison de deux ouvrages par personne.<\/span><\/p>\n<p><span style=\"color: #000080;\">Ce pr\u00eat \u00e9tant bas\u00e9 sur la confiance, nous n&rsquo;exigeons pas de caution lorsque vous empruntez les livres de la biblioth\u00e8que. Nous vous demandons simplement d&rsquo;en prendre le plus grand soin et de bien vouloir les restituer dans les d\u00e9lais.<\/span><\/p>\n","protected":false},"excerpt":{"rendered":"<p>Des ouvrages de d\u00e9veloppement personnel sont mis \u00e0 la disposition des participants aux ateliers et au coaching individuel. Ils sont en acc\u00e8s libre au pr\u00eat pour une semaine \u00e0 raison de deux ouvrages par personne. Ce pr\u00eat \u00e9tant bas\u00e9 sur la confiance, nous n&rsquo;exigeons pas de caution lorsque vous empruntez les livres de la biblioth\u00e8que. &hellip; <a href=\"https:\/\/www.harmoning.fr\/?page_id=872\" class=\"more-link\">Continuer la lecture<span class=\"screen-reader-text\"> de &laquo;&nbsp;Biblioth\u00e8que&nbsp;&raquo;<\/span><\/a><\/p>\n","protected":false},"author":1,"featured_media":875,"parent":0,"menu_order":0,"comment_status":"closed","ping_status":"closed","template":"","meta":{"_mi_skip_tracking":false},"_links":{"self":[{"href":"https:\/\/www.harmoning.fr\/index.php?rest_route=\/wp\/v2\/pages\/872"}],"collection":[{"href":"https:\/\/www.harmoning.fr\/index.php?rest_route=\/wp\/v2\/pages"}],"about":[{"href":"https:\/\/www.harmoning.fr\/index.php?rest_route=\/wp\/v2\/types\/page"}],"author":[{"embeddable":true,"href":"https:\/\/www.harmoning.fr\/index.php?rest_route=\/wp\/v2\/users\/1"}],"replies":[{"embeddable":true,"href":"https:\/\/www.harmoning.fr\/index.php?rest_route=%2Fwp%2Fv2%2Fcomments&post=872"}],"version-history":[{"count":9,"href":"https:\/\/www.harmoning.fr\/index.php?rest_route=\/wp\/v2\/pages\/872\/revisions"}],"predecessor-version":[{"id":1680,"href":"https:\/\/www.harmoning.fr\/index.php?rest_route=\/wp\/v2\/pages\/872\/revisions\/1680"}],"wp:featuredmedia":[{"embeddable":true,"href":"https:\/\/www.harmoning.fr\/index.php?rest_route=\/wp\/v2\/media\/875"}],"wp:attachment":[{"href":"https:\/\/www.harmoning.fr\/index.php?rest_route=%2Fwp%2Fv2%2Fmedia&parent=872"}],"curies":[{"name":"wp","href":"https:\/\/api.w.org\/{rel}","templated":true}]}}