{"id":488,"date":"2018-04-20T09:08:54","date_gmt":"2018-04-20T07:08:54","guid":{"rendered":"http:\/\/harmoninqi.cluster023.hosting.ovh.net\/?page_id=488"},"modified":"2023-11-17T23:12:13","modified_gmt":"2023-11-17T22:12:13","slug":"planning-semaine-22","status":"publish","type":"page","link":"https:\/\/www.harmoning.fr\/?page_id=488","title":{"rendered":"Semaine 1"},"content":{"rendered":"<p>Si vous souhaitez vous inscrire \u00e0 un atelier, \u00e0 une conf\u00e9rence ou \u00e0 un coaching individuel, cliquez sur <strong><a href=\"https:\/\/www.harmoning.fr\/?page_id=456\">ce lien.<\/a><\/strong><\/p>\n","protected":false},"excerpt":{"rendered":"<p>Si vous souhaitez vous inscrire \u00e0 un atelier, \u00e0 une conf\u00e9rence ou \u00e0 un coaching individuel, cliquez sur ce lien.<\/p>\n","protected":false},"author":1,"featured_media":1733,"parent":0,"menu_order":0,"comment_status":"closed","ping_status":"closed","template":"","meta":{"_mi_skip_tracking":false},"_links":{"self":[{"href":"https:\/\/www.harmoning.fr\/index.php?rest_route=\/wp\/v2\/pages\/488"}],"collection":[{"href":"https:\/\/www.harmoning.fr\/index.php?rest_route=\/wp\/v2\/pages"}],"about":[{"href":"https:\/\/www.harmoning.fr\/index.php?rest_route=\/wp\/v2\/types\/page"}],"author":[{"embeddable":true,"href":"https:\/\/www.harmoning.fr\/index.php?rest_route=\/wp\/v2\/users\/1"}],"replies":[{"embeddable":true,"href":"https:\/\/www.harmoning.fr\/index.php?rest_route=%2Fwp%2Fv2%2Fcomments&post=488"}],"version-history":[{"count":102,"href":"https:\/\/www.harmoning.fr\/index.php?rest_route=\/wp\/v2\/pages\/488\/revisions"}],"predecessor-version":[{"id":1871,"href":"https:\/\/www.harmoning.fr\/index.php?rest_route=\/wp\/v2\/pages\/488\/revisions\/1871"}],"wp:featuredmedia":[{"embeddable":true,"href":"https:\/\/www.harmoning.fr\/index.php?rest_route=\/wp\/v2\/media\/1733"}],"wp:attachment":[{"href":"https:\/\/www.harmoning.fr\/index.php?rest_route=%2Fwp%2Fv2%2Fmedia&parent=488"}],"curies":[{"name":"wp","href":"https:\/\/api.w.org\/{rel}","templated":true}]}}