{"id":454,"date":"2018-04-18T16:43:15","date_gmt":"2018-04-18T14:43:15","guid":{"rendered":"http:\/\/harmoninqi.cluster023.hosting.ovh.net\/?page_id=454"},"modified":"2022-02-02T17:51:01","modified_gmt":"2022-02-02T16:51:01","slug":"planning","status":"publish","type":"page","link":"https:\/\/www.harmoning.fr\/?page_id=454","title":{"rendered":"L&rsquo;agenda"},"content":{"rendered":"<p><span style=\"color: #000080;\">L&rsquo;agenda par semaine pr\u00e9sente l&rsquo;ensemble des activit\u00e9s autour du th\u00e8me\u00a0 \u00ab\u00a0VIVRE MIEUX\u00a0\u00bb :<\/span><\/p>\n<p><span style=\"color: #ffcc00;\"><a style=\"color: #ffcc00;\" href=\"https:\/\/www.harmoning.fr\/?page_id=488\">Comprendre ses \u00e9motions<\/a><\/span><\/p>\n<p><span style=\"color: #000080;\">Les \u00e9motions colorent notre vie. Elles sont si importantes, que l&rsquo;on reconna\u00eet leur\u00a0 intelligence et leurs r\u00f4les dans notre \u00e9panouissement.<\/span><\/p>\n<p><span style=\"color: #ff00ff;\"><a style=\"color: #ff00ff;\" href=\"https:\/\/www.harmoning.fr\/?page_id=506\">G\u00e9rer ses \u00e9motions<\/a><\/span><\/p>\n<p><span style=\"color: #000080;\">Accueillir nos \u00e9motions n\u00e9gatives et celles des autres, n&rsquo;est pas toujours facile. Apprendre \u00e0 les g\u00e9rer nous rend plus serein et am\u00e9liore nos relations.<\/span><\/p>\n<p><span style=\"color: #33cccc;\"><a style=\"color: #33cccc;\" href=\"https:\/\/www.harmoning.fr\/?page_id=509\">Vivre en harmonie<\/a><\/span><\/p>\n<p><span style=\"color: #000080;\">Mettre l&rsquo;harmonie dans sa vie nous rend plus apais\u00e9, serein, \u00e9quilibr\u00e9. Certains savent spontann\u00e9ment invit\u00e9 le bonheur dans leur vie, le faire grandir. D&rsquo;autres peuvent l&rsquo;apprendre.\u00a0<\/span><\/p>\n","protected":false},"excerpt":{"rendered":"<p>L&rsquo;agenda par semaine pr\u00e9sente l&rsquo;ensemble des activit\u00e9s autour du th\u00e8me\u00a0 \u00ab\u00a0VIVRE MIEUX\u00a0\u00bb : Comprendre ses \u00e9motions Les \u00e9motions colorent notre vie. Elles sont si importantes, que l&rsquo;on reconna\u00eet leur\u00a0 intelligence et leurs r\u00f4les dans notre \u00e9panouissement. G\u00e9rer ses \u00e9motions Accueillir nos \u00e9motions n\u00e9gatives et celles des autres, n&rsquo;est pas toujours facile. Apprendre \u00e0 les g\u00e9rer &hellip; <a href=\"https:\/\/www.harmoning.fr\/?page_id=454\" class=\"more-link\">Continuer la lecture<span class=\"screen-reader-text\"> de &laquo;&nbsp;L&rsquo;agenda&nbsp;&raquo;<\/span><\/a><\/p>\n","protected":false},"author":1,"featured_media":552,"parent":0,"menu_order":0,"comment_status":"closed","ping_status":"closed","template":"","meta":{"_mi_skip_tracking":false},"_links":{"self":[{"href":"https:\/\/www.harmoning.fr\/index.php?rest_route=\/wp\/v2\/pages\/454"}],"collection":[{"href":"https:\/\/www.harmoning.fr\/index.php?rest_route=\/wp\/v2\/pages"}],"about":[{"href":"https:\/\/www.harmoning.fr\/index.php?rest_route=\/wp\/v2\/types\/page"}],"author":[{"embeddable":true,"href":"https:\/\/www.harmoning.fr\/index.php?rest_route=\/wp\/v2\/users\/1"}],"replies":[{"embeddable":true,"href":"https:\/\/www.harmoning.fr\/index.php?rest_route=%2Fwp%2Fv2%2Fcomments&post=454"}],"version-history":[{"count":15,"href":"https:\/\/www.harmoning.fr\/index.php?rest_route=\/wp\/v2\/pages\/454\/revisions"}],"predecessor-version":[{"id":1395,"href":"https:\/\/www.harmoning.fr\/index.php?rest_route=\/wp\/v2\/pages\/454\/revisions\/1395"}],"wp:featuredmedia":[{"embeddable":true,"href":"https:\/\/www.harmoning.fr\/index.php?rest_route=\/wp\/v2\/media\/552"}],"wp:attachment":[{"href":"https:\/\/www.harmoning.fr\/index.php?rest_route=%2Fwp%2Fv2%2Fmedia&parent=454"}],"curies":[{"name":"wp","href":"https:\/\/api.w.org\/{rel}","templated":true}]}}