{"id":443,"date":"2018-04-18T16:38:34","date_gmt":"2018-04-18T14:38:34","guid":{"rendered":"http:\/\/harmoninqi.cluster023.hosting.ovh.net\/?page_id=443"},"modified":"2023-02-07T16:03:18","modified_gmt":"2023-02-07T15:03:18","slug":"les-facettes-de-lidentite","status":"publish","type":"page","link":"https:\/\/www.harmoning.fr\/?page_id=443","title":{"rendered":"G\u00e9rer ses \u00e9motions"},"content":{"rendered":"<blockquote>\n<p style=\"text-align: center;\">\u00a0 \u00a0 \u00a0 \u00a0 \u00a0 \u00a0 \u00a0 \u00a0 \u00a0 \u00a0 \u00a0 \u00a0 \u00a0 \u00a0 \u00a0 \u00a0 \u00a0 \u00a0 \u00a0 \u00a0 \u00a0 <span style=\"color: #008080;\">\u00a0 \u00ab\u00a0Fais de ta vie un r\u00eave, et de tes r\u00eaves, une r\u00e9alit\u00e9 ! \u00a0\u00bb\u00a0 \u00a0 \u00a0 \u00a0 \u00a0 \u00a0 \u00a0 \u00a0 \u00a0 \u00a0 \u00a0 \u00a0 \u00a0 \u00a0 \u00a0 \u00a0 \u00a0 \u00a0 \u00a0 \u00a0 \u00a0 \u00a0 \u00a0 \u00a0 \u00a0 \u00a0Antoine de Saint Exup\u00e9ry<\/span><\/p>\n<\/blockquote>\n<p><span style=\"color: #000080;\">\u00a0<\/span><span style=\"color: #000080;\">Quand vos \u00e9motions vous submergent ou vous d\u00e9passent, il n\u2019est pas toujours facile de les g\u00e9rer.\u00a0<\/span><span style=\"color: #000080;\">Or souvent, vous pensez qu\u2019il est plus facile de faire comme si tout allait bien, de les ignorer, d\u2019\u00eatre fort(e) pour mieux les g\u00e9rer. N<\/span><span style=\"color: #000080;\">e pas les entendre et ne pas les reconna\u00eetre, entraine un mal-\u00eatre int\u00e9rieur qui peut vous rendre malade. <\/span><\/p>\n<p><span style=\"color: #000080;\">Comprendre ce qui se passe, identifier les blocages ou les \u00e9motions primaires derri\u00e8re vos vagues \u00e9motionnelles, permet de vous sentir plus serein(e), plus en paix envers vous et envers les autres.<\/span><\/p>\n<p><span style=\"color: #000080;\">Si vous souhaitez assister \u00e0 cette conf\u00e9rence cliquez sur <\/span><strong><a href=\"https:\/\/www.harmoning.fr\/?page_id=456\">ce lien.<\/a><\/strong><\/p>\n","protected":false},"excerpt":{"rendered":"<p>\u00a0 \u00a0 \u00a0 \u00a0 \u00a0 \u00a0 \u00a0 \u00a0 \u00a0 \u00a0 \u00a0 \u00a0 \u00a0 \u00a0 \u00a0 \u00a0 \u00a0 \u00a0 \u00a0 \u00a0 \u00a0 \u00a0 \u00ab\u00a0Fais de ta vie un r\u00eave, et de tes r\u00eaves, une r\u00e9alit\u00e9 ! \u00a0\u00bb\u00a0 \u00a0 \u00a0 \u00a0 \u00a0 \u00a0 \u00a0 \u00a0 \u00a0 \u00a0 \u00a0 \u00a0 \u00a0 \u00a0 \u00a0 \u00a0 \u00a0 \u00a0 \u00a0 \u00a0 &hellip; <a href=\"https:\/\/www.harmoning.fr\/?page_id=443\" class=\"more-link\">Continuer la lecture<span class=\"screen-reader-text\"> de &laquo;&nbsp;G\u00e9rer ses \u00e9motions&nbsp;&raquo;<\/span><\/a><\/p>\n","protected":false},"author":1,"featured_media":1048,"parent":0,"menu_order":0,"comment_status":"closed","ping_status":"closed","template":"","meta":{"_mi_skip_tracking":false},"_links":{"self":[{"href":"https:\/\/www.harmoning.fr\/index.php?rest_route=\/wp\/v2\/pages\/443"}],"collection":[{"href":"https:\/\/www.harmoning.fr\/index.php?rest_route=\/wp\/v2\/pages"}],"about":[{"href":"https:\/\/www.harmoning.fr\/index.php?rest_route=\/wp\/v2\/types\/page"}],"author":[{"embeddable":true,"href":"https:\/\/www.harmoning.fr\/index.php?rest_route=\/wp\/v2\/users\/1"}],"replies":[{"embeddable":true,"href":"https:\/\/www.harmoning.fr\/index.php?rest_route=%2Fwp%2Fv2%2Fcomments&post=443"}],"version-history":[{"count":16,"href":"https:\/\/www.harmoning.fr\/index.php?rest_route=\/wp\/v2\/pages\/443\/revisions"}],"predecessor-version":[{"id":1709,"href":"https:\/\/www.harmoning.fr\/index.php?rest_route=\/wp\/v2\/pages\/443\/revisions\/1709"}],"wp:featuredmedia":[{"embeddable":true,"href":"https:\/\/www.harmoning.fr\/index.php?rest_route=\/wp\/v2\/media\/1048"}],"wp:attachment":[{"href":"https:\/\/www.harmoning.fr\/index.php?rest_route=%2Fwp%2Fv2%2Fmedia&parent=443"}],"curies":[{"name":"wp","href":"https:\/\/api.w.org\/{rel}","templated":true}]}}