{"id":441,"date":"2018-04-18T16:37:57","date_gmt":"2018-04-18T14:37:57","guid":{"rendered":"http:\/\/harmoninqi.cluster023.hosting.ovh.net\/?page_id=441"},"modified":"2023-02-07T16:04:05","modified_gmt":"2023-02-07T15:04:05","slug":"une-communication-efficace","status":"publish","type":"page","link":"https:\/\/www.harmoning.fr\/?page_id=441","title":{"rendered":"Bien communiquer"},"content":{"rendered":"<blockquote>\n<p style=\"text-align: center;\"><span style=\"color: #008080;\">\u00a0 \u00a0 \u00a0 \u00a0 \u00a0 \u00a0 \u00a0 \u00a0 \u00a0 \u00a0 \u00a0\u00ab\u00a0Le secret du succ\u00e8s, s&rsquo;il existe, c&rsquo;est la facult\u00e9 de se mettre \u00e0 la place de l&rsquo;autre\u00a0 \u00a0 \u00a0 \u00a0 \u00a0 \u00a0 \u00a0 \u00a0 \u00a0 \u00a0 \u00a0 \u00a0 et de consid\u00e9rer les choses de son point de vue autant que du n\u00f4tre.\u00a0\u00bb Henri Ford<\/span><\/p>\n<\/blockquote>\n<p><span style=\"color: #000080;\">Les liens que vous cr\u00e9ez avec les autres sont capitaux pour votre \u00e9quilibre et votre d\u00e9veloppement.\u00a0<\/span><span style=\"color: #000080;\">Les autres vous font grandir, vous nourrissent, et vous permettent de vous \u00e9panouir. <\/span><\/p>\n<p><span style=\"color: #000080;\">D\u00e9velopper une bonne communication, c\u2019est donner une vraie place aux autres par l\u2019\u00e9coute, l\u2019empathie, la compr\u00e9hension, la co-construction et la confrontation positive. <\/span><span style=\"color: #000080;\">Elle n\u00e9cessite la reconnaissance, l\u2019acceptation et la normalisation de ce que les autres vivent.<br \/>\n<\/span><\/p>\n<p><span style=\"color: #000080;\">Cette interd\u00e9pendance positive passe par une bonne perception de vous et des autres, le fait de prendre conscience qu&rsquo;autant vous pouvez les aider \u00e0 grandir, autant les autres contribuent \u00e0 vous faire grandir.<\/span><\/p>\n<p><span style=\"color: #000080;\">Si vous souhaitez assister \u00e0 cette conf\u00e9rence cliquez sur <\/span><a href=\"https:\/\/www.harmoning.fr\/?page_id=456\"><strong>ce lien<\/strong><\/a>.<\/p>\n","protected":false},"excerpt":{"rendered":"<p>\u00a0 \u00a0 \u00a0 \u00a0 \u00a0 \u00a0 \u00a0 \u00a0 \u00a0 \u00a0 \u00a0\u00ab\u00a0Le secret du succ\u00e8s, s&rsquo;il existe, c&rsquo;est la facult\u00e9 de se mettre \u00e0 la place de l&rsquo;autre\u00a0 \u00a0 \u00a0 \u00a0 \u00a0 \u00a0 \u00a0 \u00a0 \u00a0 \u00a0 \u00a0 \u00a0 et de consid\u00e9rer les choses de son point de vue autant que du n\u00f4tre.\u00a0\u00bb Henri Ford Les &hellip; <a href=\"https:\/\/www.harmoning.fr\/?page_id=441\" class=\"more-link\">Continuer la lecture<span class=\"screen-reader-text\"> de &laquo;&nbsp;Bien communiquer&nbsp;&raquo;<\/span><\/a><\/p>\n","protected":false},"author":1,"featured_media":562,"parent":0,"menu_order":0,"comment_status":"closed","ping_status":"closed","template":"","meta":{"_mi_skip_tracking":false},"_links":{"self":[{"href":"https:\/\/www.harmoning.fr\/index.php?rest_route=\/wp\/v2\/pages\/441"}],"collection":[{"href":"https:\/\/www.harmoning.fr\/index.php?rest_route=\/wp\/v2\/pages"}],"about":[{"href":"https:\/\/www.harmoning.fr\/index.php?rest_route=\/wp\/v2\/types\/page"}],"author":[{"embeddable":true,"href":"https:\/\/www.harmoning.fr\/index.php?rest_route=\/wp\/v2\/users\/1"}],"replies":[{"embeddable":true,"href":"https:\/\/www.harmoning.fr\/index.php?rest_route=%2Fwp%2Fv2%2Fcomments&post=441"}],"version-history":[{"count":16,"href":"https:\/\/www.harmoning.fr\/index.php?rest_route=\/wp\/v2\/pages\/441\/revisions"}],"predecessor-version":[{"id":1710,"href":"https:\/\/www.harmoning.fr\/index.php?rest_route=\/wp\/v2\/pages\/441\/revisions\/1710"}],"wp:featuredmedia":[{"embeddable":true,"href":"https:\/\/www.harmoning.fr\/index.php?rest_route=\/wp\/v2\/media\/562"}],"wp:attachment":[{"href":"https:\/\/www.harmoning.fr\/index.php?rest_route=%2Fwp%2Fv2%2Fmedia&parent=441"}],"curies":[{"name":"wp","href":"https:\/\/api.w.org\/{rel}","templated":true}]}}