{"id":435,"date":"2018-04-18T16:35:27","date_gmt":"2018-04-18T14:35:27","guid":{"rendered":"http:\/\/harmoninqi.cluster023.hosting.ovh.net\/?page_id=435"},"modified":"2023-02-07T16:12:55","modified_gmt":"2023-02-07T15:12:55","slug":"le-langage-des-emotions","status":"publish","type":"page","link":"https:\/\/www.harmoning.fr\/?page_id=435","title":{"rendered":"Comprendre les facettes de l&rsquo;identit\u00e9"},"content":{"rendered":"<blockquote>\n<p style=\"text-align: center;\"><span style=\"color: #000080;\"><span style=\"color: #339966;\">\u00a0 \u00a0 \u00a0 \u00a0 \u00a0 \u00a0 \u00ab\u00a0Soyez vous-m\u00eame, les autres sont d\u00e9j\u00e0 pris<\/span><\/span><span style=\"color: #339966;\">\u00a0\u00bb <\/span><span style=\"color: #000080;\"><span style=\"color: #339966;\"><strong>Oscar WILDE<\/strong><\/span><\/span><\/p>\n<\/blockquote>\n<p><span style=\"color: #000080;\">Depuis tout petit(e), les liens d\u2019attachement construisent votre autonomie. <\/span><span style=\"color: #000080;\">L\u2019acceptation et l\u2019amour inconditionnel vous permettent de grandir en confiance et d\u2019oser cr\u00e9er des liens s\u00e9cures avec les autres.\u00a0 <\/span><\/p>\n<p><span style=\"color: #000080;\">Toutefois en fonction des messages que vous avez re\u00e7us enfant (tu es nul(le), tu n\u2019y arriveras pas\u2026.) vous avez modifi\u00e9 votre vision du monde et cr\u00e9e des croyances sur vous-m\u00eame, les autres et le monde :<\/span><span style=\"color: #000080;\"> \u00eatre parfait(e), \u00eatre gentil(le), r\u00e9ussir coute que coute \u2026 <\/span><span style=\"color: #000080;\">Tous ces messages ont modifi\u00e9 votre personnalit\u00e9 et vous ont fa\u00e7onn\u00e9s(es). Comprendre tous ces m\u00e9canismes permet d\u2019identifier les facettes de votre identit\u00e9.<\/span><\/p>\n<p><strong>\u00a0<\/strong><\/p>\n<p><span style=\"color: #000080;\">Si vous souhaitez assister \u00e0 cette conf\u00e9rence cliquez sur <strong><a href=\"https:\/\/www.harmoning.fr\/?page_id=456\">ce lien.<\/a><\/strong><\/span><\/p>\n","protected":false},"excerpt":{"rendered":"<p>\u00a0 \u00a0 \u00a0 \u00a0 \u00a0 \u00a0 \u00ab\u00a0Soyez vous-m\u00eame, les autres sont d\u00e9j\u00e0 pris\u00a0\u00bb Oscar WILDE Depuis tout petit(e), les liens d\u2019attachement construisent votre autonomie. L\u2019acceptation et l\u2019amour inconditionnel vous permettent de grandir en confiance et d\u2019oser cr\u00e9er des liens s\u00e9cures avec les autres.\u00a0 Toutefois en fonction des messages que vous avez re\u00e7us enfant (tu es &hellip; <a href=\"https:\/\/www.harmoning.fr\/?page_id=435\" class=\"more-link\">Continuer la lecture<span class=\"screen-reader-text\"> de &laquo;&nbsp;Comprendre les facettes de l&rsquo;identit\u00e9&nbsp;&raquo;<\/span><\/a><\/p>\n","protected":false},"author":1,"featured_media":1043,"parent":0,"menu_order":0,"comment_status":"closed","ping_status":"closed","template":"","meta":{"_mi_skip_tracking":false},"_links":{"self":[{"href":"https:\/\/www.harmoning.fr\/index.php?rest_route=\/wp\/v2\/pages\/435"}],"collection":[{"href":"https:\/\/www.harmoning.fr\/index.php?rest_route=\/wp\/v2\/pages"}],"about":[{"href":"https:\/\/www.harmoning.fr\/index.php?rest_route=\/wp\/v2\/types\/page"}],"author":[{"embeddable":true,"href":"https:\/\/www.harmoning.fr\/index.php?rest_route=\/wp\/v2\/users\/1"}],"replies":[{"embeddable":true,"href":"https:\/\/www.harmoning.fr\/index.php?rest_route=%2Fwp%2Fv2%2Fcomments&post=435"}],"version-history":[{"count":24,"href":"https:\/\/www.harmoning.fr\/index.php?rest_route=\/wp\/v2\/pages\/435\/revisions"}],"predecessor-version":[{"id":1718,"href":"https:\/\/www.harmoning.fr\/index.php?rest_route=\/wp\/v2\/pages\/435\/revisions\/1718"}],"wp:featuredmedia":[{"embeddable":true,"href":"https:\/\/www.harmoning.fr\/index.php?rest_route=\/wp\/v2\/media\/1043"}],"wp:attachment":[{"href":"https:\/\/www.harmoning.fr\/index.php?rest_route=%2Fwp%2Fv2%2Fmedia&parent=435"}],"curies":[{"name":"wp","href":"https:\/\/api.w.org\/{rel}","templated":true}]}}