{"id":433,"date":"2018-04-18T16:35:00","date_gmt":"2018-04-18T14:35:00","guid":{"rendered":"http:\/\/harmoninqi.cluster023.hosting.ovh.net\/?page_id=433"},"modified":"2023-02-07T15:56:30","modified_gmt":"2023-02-07T14:56:30","slug":"je-prends-soin-de-mes-emotions","status":"publish","type":"page","link":"https:\/\/www.harmoning.fr\/?page_id=433","title":{"rendered":"Comprendre ses m\u00e9canismes"},"content":{"rendered":"<blockquote>\n<p style=\"text-align: center;\"><span style=\"color: #008080;\"><b>\u00a0 \u00a0 \u00a0\u00ab\u00a0Les \u00e9motions que l&rsquo;on exprime pas , ne meurent jamais. Elles sont enterr\u00e9es vivantes et r\u00e9apparaissent plus tard de fa\u00e7ons plus laides<\/b><b>.\u00a0\u00bb\u00a0<\/b><b><i>Sigmund FREUD<\/i><\/b><\/span><\/p>\n<\/blockquote>\n<p><span style=\"color: #000080;\">Les ateliers \u00ab\u00a0<strong>Comprendre ses m\u00e9canismes<\/strong>\u00a0\u00bb\u00a0 vous permettent d&rsquo;identifier vos besoins, de d\u00e9velopper votre langage \u00e9motionnel et de l\u00e2cher prise. En effet, la prise de consciences de vos m\u00e9canismes \u00e9motionnels permet d&rsquo;identifier vos attentes profondes, de poser des mots pour \u00e9viter les maux, et de prendre du recul quand la situation l&rsquo;exige. Comme un boussole interne, vos \u00e9motions deviennent alors vos guides pour vivre plus en harmonie avec votre corps, votre esprit et en accord avec vos valeurs.<\/span><\/p>\n<h5><span style=\"color: #ffcc99;\"><a style=\"color: #ffcc99;\" href=\"https:\/\/www.harmoning.fr\/?page_id=456\">Atelier 1 : Comprendre ses besoins<\/a><\/span><\/h5>\n<p><span style=\"color: #000080;\">L&rsquo;atelier \u00ab\u00a0<strong>Comprendre ses besoins<\/strong>\u00a0\u00bb vous apprend \u00e0 distinguer l&rsquo;essentiel de l&rsquo;important et \u00e0 comprendre que derri\u00e8re chacune de vos \u00e9motions, il y a des besoins. En effet, identifier vos besoins d&rsquo;\u00e9panouissement, de liens relationnels, de s\u00e9curit\u00e9 et de protection vous aide \u00e0 vous construire, mais \u00e9galement \u00e0 cr\u00e9er des relations harmonieuses et \u00e9quilibr\u00e9es.<\/span><\/p>\n<h5><a href=\"https:\/\/www.harmoning.fr\/?page_id=456\"><span style=\"color: #f50f8a;\"><span style=\"color: #ff99cc;\">Atelier 2 : Comprendre ses \u00e9motions<\/span><\/span><\/a><\/h5>\n<p><span style=\"color: #000080;\">L\u2019atelier \u00ab<strong> Comprendre ses \u00e9motions<\/strong> \u00bb vous permet d&rsquo;identifier les diff\u00e9rents ressentis li\u00e9s \u00e0 vos \u00e9motions et de d\u00e9velopper votre langage \u00e9motionnel.\u00a0 En fonction de votre \u00e9ducation et des traumatismes v\u00e9cus, vous vous \u00eates coup\u00e9s(es) de vos \u00e9motions. Par exemple, certains(es) ne s&rsquo;autorisent pas \u00e0 pleurer ou \u00e0 \u00eatre en col\u00e8re. Comprendre vos \u00e9motions, c&rsquo;est aussi identifier vos \u00e9motions interdites ou parasites.\u00a0<\/span><\/p>\n<h5><span style=\"color: #99ccff;\"><a style=\"color: #99ccff;\" href=\"https:\/\/www.harmoning.fr\/?page_id=456\">Atelier 3 : L\u00e2cher prise<\/a><\/span><\/h5>\n<p><span style=\"color: #000080;\">L&rsquo;atelier \u00ab\u00a0<strong>L\u00e2cher prise<\/strong>\u00a0\u00bb vous propose d&rsquo;identifier les situations complexes qui vous donnent le sentiment d&rsquo;\u00eatre pi\u00e9g\u00e9(e). Quand on ne peut agir sur une situation, une des solutions est de l\u00e2cher prise. Derri\u00e8re le l\u00e2cher prise peut se cacher un pr\u00e9jug\u00e9, une croyance sur soi, les autres ou le monde, un traumatisme, une \u00e9motion&#8230; En prendre conscience et relativiser vous permet de passer outre, de pouvoir rebondir et de changer de paradigme.<\/span><\/p>\n<p><span style=\"color: #000080;\">Si vous souhaitez participer \u00e0 l&rsquo;un de ces ateliers, vous pouvez cliquer sur <strong><a href=\"https:\/\/www.harmoning.fr\/?page_id=456\">ce lien<\/a><\/strong>.<\/span><\/p>\n","protected":false},"excerpt":{"rendered":"<p>\u00a0 \u00a0 \u00a0\u00ab\u00a0Les \u00e9motions que l&rsquo;on exprime pas , ne meurent jamais. Elles sont enterr\u00e9es vivantes et r\u00e9apparaissent plus tard de fa\u00e7ons plus laides.\u00a0\u00bb\u00a0Sigmund FREUD Les ateliers \u00ab\u00a0Comprendre ses m\u00e9canismes\u00a0\u00bb\u00a0 vous permettent d&rsquo;identifier vos besoins, de d\u00e9velopper votre langage \u00e9motionnel et de l\u00e2cher prise. En effet, la prise de consciences de vos m\u00e9canismes \u00e9motionnels permet &hellip; <a href=\"https:\/\/www.harmoning.fr\/?page_id=433\" class=\"more-link\">Continuer la lecture<span class=\"screen-reader-text\"> de &laquo;&nbsp;Comprendre ses m\u00e9canismes&nbsp;&raquo;<\/span><\/a><\/p>\n","protected":false},"author":1,"featured_media":90,"parent":0,"menu_order":0,"comment_status":"closed","ping_status":"closed","template":"","meta":{"_mi_skip_tracking":false},"_links":{"self":[{"href":"https:\/\/www.harmoning.fr\/index.php?rest_route=\/wp\/v2\/pages\/433"}],"collection":[{"href":"https:\/\/www.harmoning.fr\/index.php?rest_route=\/wp\/v2\/pages"}],"about":[{"href":"https:\/\/www.harmoning.fr\/index.php?rest_route=\/wp\/v2\/types\/page"}],"author":[{"embeddable":true,"href":"https:\/\/www.harmoning.fr\/index.php?rest_route=\/wp\/v2\/users\/1"}],"replies":[{"embeddable":true,"href":"https:\/\/www.harmoning.fr\/index.php?rest_route=%2Fwp%2Fv2%2Fcomments&post=433"}],"version-history":[{"count":35,"href":"https:\/\/www.harmoning.fr\/index.php?rest_route=\/wp\/v2\/pages\/433\/revisions"}],"predecessor-version":[{"id":1703,"href":"https:\/\/www.harmoning.fr\/index.php?rest_route=\/wp\/v2\/pages\/433\/revisions\/1703"}],"wp:featuredmedia":[{"embeddable":true,"href":"https:\/\/www.harmoning.fr\/index.php?rest_route=\/wp\/v2\/media\/90"}],"wp:attachment":[{"href":"https:\/\/www.harmoning.fr\/index.php?rest_route=%2Fwp%2Fv2%2Fmedia&parent=433"}],"curies":[{"name":"wp","href":"https:\/\/api.w.org\/{rel}","templated":true}]}}