{"id":365,"date":"2018-04-15T19:02:12","date_gmt":"2018-04-15T17:02:12","guid":{"rendered":"http:\/\/harmoninqi.cluster023.hosting.ovh.net\/?page_id=365"},"modified":"2023-02-07T15:57:53","modified_gmt":"2023-02-07T14:57:53","slug":"je-prends-soin-des-autres","status":"publish","type":"page","link":"https:\/\/www.harmoning.fr\/?page_id=365","title":{"rendered":"D\u00e9velopper l&rsquo;harmonie"},"content":{"rendered":"<blockquote>\n<p style=\"text-align: center;\">\u00a0 \u00a0 \u00a0 \u00a0 \u00a0 \u00a0 \u00a0 \u00a0 \u00a0 \u00a0 \u00a0 \u00a0 \u00a0 \u00a0 \u00a0 \u00a0 \u00a0 \u00a0 \u00a0 \u00a0<span style=\"color: #008080;\">\u00a0 \u00a0\u00ab\u00a0La vie ce n\u2019est pas d\u2019attendre que les orages passent,\u00a0 \u00a0 \u00a0 \u00a0 \u00a0 \u00a0 \u00a0 \u00a0 \u00a0 \u00a0 \u00a0 \u00a0 \u00a0 \u00a0 \u00a0 \u00a0 \u00a0 \u00a0 \u00a0 \u00a0 \u00a0 \u00a0 \u00a0 \u00a0 c\u2019est apprendre \u00e0\u00a0 danser sous la pluie.\u00a0\u00bb<i>S\u00e9n\u00e8que<\/i><\/span><\/p>\n<\/blockquote>\n<p><span style=\"color: #000080;\">Les ateliers \u00ab\u00a0<strong>D\u00e9velopper l&rsquo;harmonie<\/strong>\u00a0\u00bb vous permettent de nourrir votre jardin int\u00e9rieur et vos \u00e9motions positives et vous apprennent \u00e0 harmoniser vos relations afin de vous \u00e9panouir.\u00a0<\/span><\/p>\n<h5 style=\"line-height: 1.10526;\"><span style=\"color: #ff9900;\"><a style=\"color: #ff9900;\" href=\"https:\/\/www.harmoning.fr\/?page_id=456\"><strong><span style=\"color: #ffcc99;\">Atelier<\/span><\/strong><span style=\"color: #ffcc99;\">\u00a01 : Nourrir son jardin int\u00e9rieur\u00a0<\/span><\/a><\/span><\/h5>\n<p><span style=\"color: #000080;\">L&rsquo;atelier \u00ab\u00a0<strong>Nourrir son jardin int\u00e9rieur<\/strong>\u00a0\u00bb vous propose de faire entrer la joie, la s\u00e9r\u00e9nit\u00e9 et le bien \u00eatre dans votre vie en nourrissant les activit\u00e9s qui vous font du bien et en portant un regard positif sur la vie.<\/span><\/p>\n<h5><a href=\"https:\/\/www.harmoning.fr\/?page_id=456\"><span style=\"color: #ff99cc;\">Atelier 2 :\u00a0Nourrir ses \u00e9motions positives<\/span><\/a><\/h5>\n<p><span style=\"color: #000080;\">L&rsquo;atelier \u00ab\u00a0<strong>Nourrir ses \u00e9motions positives<\/strong>\u00a0\u00bb vous rend plus l\u00e9ger(e), vous incite \u00e0 appr\u00e9hender la vie avec moins d&rsquo;angoisses, plus d&rsquo;optimisme, et vous permet d&rsquo;attirer les autres \u00e0 vos c\u00f4t\u00e9s. <\/span><span style=\"color: #000080;\">\u00a0C&rsquo;est une attitude essentielle pour am\u00e9liorer votre bien-\u00eatre int\u00e9rieur et cultiver votre bonheur.\u00a0<\/span><\/p>\n<h5><span style=\"color: #99ccff;\"><a style=\"color: #99ccff;\" href=\"https:\/\/www.harmoning.fr\/?page_id=456\">Atelier 3 : Harmoniser ses relations<\/a><\/span><\/h5>\n<p><span style=\"color: #000080;\">L&rsquo;atelier \u00ab\u00a0<strong>Harmoniser ses relations<\/strong>\u00a0\u00bb vous aide \u00e0 comprendre le r\u00f4le que vous incarnez dans vos relations et \u00e0 identifier les ingr\u00e9dients d&rsquo;une relation harmonieuse fond\u00e9e sur l&rsquo;\u00e9quit\u00e9, le respect et l&rsquo;acceptation inconditionnelle de l&rsquo;autre. Les liens authentiques vous font grandir et vous rendent plus heureux(se).<\/span><\/p>\n<p><span style=\"color: #000080;\">Si vous souhaitez participer \u00e0 l&rsquo;un de ces ateliers, vous pouvez cliquer sur <strong><a href=\"https:\/\/www.harmoning.fr\/?page_id=456\">ce lien<\/a><\/strong>.\u00a0<\/span><\/p>\n","protected":false},"excerpt":{"rendered":"<p>\u00a0 \u00a0 \u00a0 \u00a0 \u00a0 \u00a0 \u00a0 \u00a0 \u00a0 \u00a0 \u00a0 \u00a0 \u00a0 \u00a0 \u00a0 \u00a0 \u00a0 \u00a0 \u00a0 \u00a0\u00a0 \u00a0\u00ab\u00a0La vie ce n\u2019est pas d\u2019attendre que les orages passent,\u00a0 \u00a0 \u00a0 \u00a0 \u00a0 \u00a0 \u00a0 \u00a0 \u00a0 \u00a0 \u00a0 \u00a0 \u00a0 \u00a0 \u00a0 \u00a0 \u00a0 \u00a0 \u00a0 \u00a0 \u00a0 \u00a0 \u00a0 \u00a0 c\u2019est apprendre &hellip; <a href=\"https:\/\/www.harmoning.fr\/?page_id=365\" class=\"more-link\">Continuer la lecture<span class=\"screen-reader-text\"> de &laquo;&nbsp;D\u00e9velopper l&rsquo;harmonie&nbsp;&raquo;<\/span><\/a><\/p>\n","protected":false},"author":1,"featured_media":284,"parent":0,"menu_order":0,"comment_status":"closed","ping_status":"closed","template":"","meta":{"_mi_skip_tracking":false},"_links":{"self":[{"href":"https:\/\/www.harmoning.fr\/index.php?rest_route=\/wp\/v2\/pages\/365"}],"collection":[{"href":"https:\/\/www.harmoning.fr\/index.php?rest_route=\/wp\/v2\/pages"}],"about":[{"href":"https:\/\/www.harmoning.fr\/index.php?rest_route=\/wp\/v2\/types\/page"}],"author":[{"embeddable":true,"href":"https:\/\/www.harmoning.fr\/index.php?rest_route=\/wp\/v2\/users\/1"}],"replies":[{"embeddable":true,"href":"https:\/\/www.harmoning.fr\/index.php?rest_route=%2Fwp%2Fv2%2Fcomments&post=365"}],"version-history":[{"count":31,"href":"https:\/\/www.harmoning.fr\/index.php?rest_route=\/wp\/v2\/pages\/365\/revisions"}],"predecessor-version":[{"id":1705,"href":"https:\/\/www.harmoning.fr\/index.php?rest_route=\/wp\/v2\/pages\/365\/revisions\/1705"}],"wp:featuredmedia":[{"embeddable":true,"href":"https:\/\/www.harmoning.fr\/index.php?rest_route=\/wp\/v2\/media\/284"}],"wp:attachment":[{"href":"https:\/\/www.harmoning.fr\/index.php?rest_route=%2Fwp%2Fv2%2Fmedia&parent=365"}],"curies":[{"name":"wp","href":"https:\/\/api.w.org\/{rel}","templated":true}]}}