{"id":34,"date":"2017-03-17T15:10:47","date_gmt":"2017-03-17T14:10:47","guid":{"rendered":"http:\/\/harmoninqi.cluster023.hosting.ovh.net\/?page_id=34"},"modified":"2023-02-07T15:52:38","modified_gmt":"2023-02-07T14:52:38","slug":"participez-aux-activites-dharmoning","status":"publish","type":"page","link":"https:\/\/www.harmoning.fr\/","title":{"rendered":"Participez aux activit\u00e9s d&rsquo;Harmoning"},"content":{"rendered":"<p><span style=\"color: #000080;\"><span style=\"font-size: 16px;\">Harmoning signifie cr\u00e9er de l&rsquo;harmonie dans sa vie, avec soi, avec ses \u00e9motions et avec les autres.<\/span><\/span><\/p>\n<p style=\"text-align: left;\"><span style=\"color: #000080;\"><span style=\"font-size: 16px;\"><strong>Harmoning<\/strong>\u00a0 v<\/span><\/span><span style=\"color: #000080;\">ous propose d\u2019am\u00e9liorer votre bien-\u00eatre en participant \u00e0 nos diverses activit\u00e9s compos\u00e9es de conf\u00e9rences-d\u00e9bats, d\u2019ateliers de d\u00e9veloppement personnel, et de coachings individuels.<\/span><\/p>\n<p style=\"text-align: left;\"><span style=\"color: #000080;\">En r\u00e9ponse \u00e0 vos demandes, le nouveau programme de cette ann\u00e9e <strong>VIVRE EN HARMONIE<\/strong> vous propose d\u2019am\u00e9liorer l\u2019harmonie en vous, la gestion de vos \u00e9motions et la qualit\u00e9 de vos relations.<\/span><\/p>\n<h2><a href=\"https:\/\/www.harmoning.fr\/?page_id=1371\">Les ateliers D\u00e9couvertes<\/a><\/h2>\n<p style=\"text-align: left;\"><span style=\"color: #000080;\"><strong>Les ateliers D\u00e9couvertes<\/strong> se d\u00e9roulent tous les lundis de 14h30 \u00e0 17h00 . Pr\u00e9sent\u00e9s sous forme de quizz,\u00a0 \u00a0 \u00a0 \u00a0 ils vous apprennent \u00e0 mieux vous conna\u00eetre. Gr\u00e2ce \u00e0 l&rsquo;analyse de vos r\u00e9sultats, vous pourrez ainsi d\u00e9couvrir votre profil de personnalit\u00e9, votre quotient \u00e9motionnel ou votre quotient relationnel et choisir les ateliers d\u2019Harmoning les plus adapt\u00e9s \u00e0 vos besoins dans le programme.<\/span><\/p>\n<h2><a href=\"https:\/\/www.harmoning.fr\/?page_id=120\">Les ateliers de d\u00e9veloppement personnel<\/a><\/h2>\n<p><span style=\"color: #000080;\"><strong>Les ateliers d&rsquo;Harmoning\u00a0<\/strong>se d\u00e9roulent tous les apr\u00e8s-midis du mardi au vendredi soit de 14h30 \u00e0 16h00 ou de 16h30 \u00e0 18h00.\u00a0 Ils sont con\u00e7us pour des petits groupes de 12 personnes maximum et se composent d\u2019activit\u00e9s ludiques, d\u2019\u00e9changes et de partages.<\/span><\/p>\n<p><span style=\"color: #000080;\">Ils vous permettront de cr\u00e9er des liens dans un climat de bienveillance et d\u2019acqu\u00e9rir de nombreux outils pour pouvoir vous \u00e9panouir, gagner en s\u00e9r\u00e9nit\u00e9 et vivre en harmonie. Vous d\u00e9couvrirez la programmation neurolinguistique, l&rsquo;analyse transactionnelle, la communication non violente&#8230;<\/span><\/p>\n<h2><a href=\"https:\/\/www.harmoning.fr\/?page_id=428\">Les conf\u00e9rences-d\u00e9bats\u00a0<\/a><\/h2>\n<p><span style=\"color: #000080;\"><strong>Les conf\u00e9rences-d\u00e9bats <\/strong>sont anim\u00e9es tous les <\/span><span style=\"color: #000080;\">mardis et vendredis de 17h00 \u00e0 18h30 afin de compl\u00e9ter et d&rsquo;illustrer les ateliers. <\/span><\/p>\n<p><span style=\"color: #000080;\">Nous aborderons ensemble la construction de l&rsquo;identit\u00e9 et du lien d&rsquo;attachement, le r\u00f4le des \u00e9motions pour mieux les accueillir et les comprendre, la gestion de vos \u00e9motions et de celles des autres pour pouvoir mieux communiquer et vous \u00e9panouir dans vos relations. <\/span><\/p>\n<p><span style=\"color: #000080;\">Vous pourrez rencontrer et \u00e9changer avec des personnes ayant particip\u00e9 aux autres conf\u00e9rences, aux ateliers, ou b\u00e9n\u00e9fici\u00e9 de coaching individuel, et vous inscrire aux activit\u00e9s qui vous int\u00e9ressent.<\/span><\/p>\n<h2><a href=\"https:\/\/www.harmoning.fr\/?page_id=357\">Les coachings<\/a><\/h2>\n<p><span style=\"color: #000080;\"><strong>Les coachings individuels<\/strong> durent une heure et se d\u00e9roulent sur rendez-vous dans notre local \u00e0 Gr\u00e9oux-les-Bains. <\/span><span style=\"color: #000080;\">Ils<\/span><span style=\"color: #000080;\"> peuvent \u00e9galement se d\u00e9rouler \u00e0 distance par t\u00e9l\u00e9phone ou par Skype.<\/span><\/p>\n<p><span style=\"color: #000080;\">Le coaching individuel vous permet de trouver de nouvelles solutions et vous aide \u00e0 vous lib\u00e9rer de vos \u00e9motions, de vos tensions et \u00e0 retrouver du sens dans votre vie. <\/span><\/p>\n<h2><a href=\"https:\/\/www.harmoning.fr\/?page_id=454\">L&rsquo;agenda<\/a><\/h2>\n<p><span style=\"color: #000080;\">L&rsquo;agenda pr\u00e9sente <strong>le planning des activit\u00e9s<\/strong> organis\u00e9es par cycle de trois semaines. Les th\u00e8mes sont :\u00a0 <strong><span style=\"color: #ff9900;\"><span style=\"color: #ffcc99;\"><a style=\"color: #ffcc99;\" href=\"https:\/\/www.harmoning.fr\/?page_id=488\"><span style=\"color: #ffcc99;\">Vivre en harmonie avec soi,<\/span><\/a><\/span>\u00a0<\/span><\/strong><\/span><span style=\"color: #000080;\"><strong><span style=\"color: #ff99cc;\">\u00a0<a style=\"color: #ff99cc;\" href=\"https:\/\/www.harmoning.fr\/?page_id=506\">Vivre en harmonie avec ses \u00e9motion<\/a><\/span><\/strong><span style=\"color: #ff99cc;\"><strong>s<\/strong><\/span> et<span style=\"color: #99ccff;\">\u00a0<\/span><\/span><span style=\"color: #000080;\"><strong><span style=\"color: #99ccff;\"><a style=\"color: #99ccff;\" href=\"https:\/\/www.harmoning.fr\/?page_id=509\">Vivre en harmonie avec les autres<\/a><\/span>.<\/strong><br \/>\n<\/span><\/p>\n<h2><a href=\"https:\/\/www.harmoning.fr\/?page_id=456\">R\u00e9servations<\/a><\/h2>\n<p><span style=\"color: #000080;\">Le nombre de participants est limit\u00e9 \u00e0 12 personnes par atelier et 30 personnes pour les conf\u00e9rences. <\/span><\/p>\n<p><span style=\"color: #000080;\">Il est vivement conseill\u00e9 de <a href=\"https:\/\/www.harmoning.fr\/?page_id=456\"><strong>r\u00e9server votre place<\/strong><\/a> pour les activit\u00e9s qui vous int\u00e9ressent. <\/span><\/p>\n<p><span style=\"color: #000080;\">Vous pouvez aussi solliciter<strong> un rendez-vous<\/strong> <strong>de coaching individuel<\/strong> dans cet onglet.<\/span><\/p>\n<h2><a href=\"https:\/\/www.harmoning.fr\/?page_id=872\">La biblioth\u00e8que<\/a><\/h2>\n<p><span style=\"color: #000080;\">Nous mettons gratuitement \u00e0 disposition des participants, <strong>des ouvrages de d\u00e9veloppement personnel<\/strong>. Vous pouvez les emprunter durant la dur\u00e9e de votre cure.<\/span><\/p>\n<h2><a href=\"https:\/\/www.harmoning.fr\/?page_id=36\">Contact<\/a><\/h2>\n<p><span style=\"color: #000080;\">Pour toute question ou interrogation, vous pouvez<strong> <a href=\"https:\/\/www.harmoning.fr\/?page_id=36\">nous joindre<\/a><\/strong> gr\u00e2ce \u00e0 cet onglet. D\u00e8s r\u00e9ception de votre mail, nous vous r\u00e9pondrons au plus vite.<\/span><\/p>\n<h2><a href=\"https:\/\/www.harmoning.fr\/?page_id=785\">Livre d&rsquo;or<\/a><\/h2>\n<p><span style=\"color: #000080;\"><strong>Le livre d&rsquo;or<\/strong> est d\u00e9di\u00e9 aux personnes qui ont particip\u00e9 aux conf\u00e9rences, aux ateliers de d\u00e9veloppement personnel ou b\u00e9n\u00e9fici\u00e9 d&rsquo;un coaching individuel. Vous pouvez ainsi <strong><a href=\"https:\/\/www.harmoning.fr\/?page_id=785\">partager votre v\u00e9cu<\/a><\/strong>, vos ressentis et vos impressions sur les activit\u00e9s d&rsquo;Harmoning avec ceux ou celles qui les d\u00e9couvrent.<\/span><\/p>\n<p><span style=\"color: #000080;\">Au plaisir de vous lire, de vous accueillir ou de vous retrouver dans notre local climatis\u00e9.<\/span><\/p>\n<p><strong><span style=\"color: #000080;\">Pascale et Hubert NICOLAS\u00a0 \u00a0 \u00a0 \u00a0 \u00a0 \u00a0 \u00a0 \u00a0 \u00a0 \u00a0 \u00a0 \u00a0 \u00a0 \u00a0 \u00a0 \u00a0 \u00a0 \u00a0 \u00a0 \u00a0 \u00a0 \u00a0 \u00a0 \u00a0 \u00a0 \u00a0 \u00a0 \u00a0 \u00a0 \u00a0 \u00a0 \u00a0 \u00a0 \u00a0 \u00a0 \u00a0 \u00a0 \u00a0 \u00a0 \u00a0 \u00a0 \u00a0 \u00a0 \u00a0<\/span><\/strong><\/p>\n","protected":false},"excerpt":{"rendered":"<p>Harmoning signifie cr\u00e9er de l&rsquo;harmonie dans sa vie, avec soi, avec ses \u00e9motions et avec les autres. Harmoning\u00a0 vous propose d\u2019am\u00e9liorer votre bien-\u00eatre en participant \u00e0 nos diverses activit\u00e9s compos\u00e9es de conf\u00e9rences-d\u00e9bats, d\u2019ateliers de d\u00e9veloppement personnel, et de coachings individuels. En r\u00e9ponse \u00e0 vos demandes, le nouveau programme de cette ann\u00e9e VIVRE EN HARMONIE vous &hellip; <a href=\"https:\/\/www.harmoning.fr\/\" class=\"more-link\">Continuer la lecture<span class=\"screen-reader-text\"> de &laquo;&nbsp;Participez aux activit\u00e9s d&rsquo;Harmoning&nbsp;&raquo;<\/span><\/a><\/p>\n","protected":false},"author":1,"featured_media":281,"parent":0,"menu_order":0,"comment_status":"closed","ping_status":"closed","template":"","meta":{"_mi_skip_tracking":false},"_links":{"self":[{"href":"https:\/\/www.harmoning.fr\/index.php?rest_route=\/wp\/v2\/pages\/34"}],"collection":[{"href":"https:\/\/www.harmoning.fr\/index.php?rest_route=\/wp\/v2\/pages"}],"about":[{"href":"https:\/\/www.harmoning.fr\/index.php?rest_route=\/wp\/v2\/types\/page"}],"author":[{"embeddable":true,"href":"https:\/\/www.harmoning.fr\/index.php?rest_route=\/wp\/v2\/users\/1"}],"replies":[{"embeddable":true,"href":"https:\/\/www.harmoning.fr\/index.php?rest_route=%2Fwp%2Fv2%2Fcomments&post=34"}],"version-history":[{"count":157,"href":"https:\/\/www.harmoning.fr\/index.php?rest_route=\/wp\/v2\/pages\/34\/revisions"}],"predecessor-version":[{"id":1699,"href":"https:\/\/www.harmoning.fr\/index.php?rest_route=\/wp\/v2\/pages\/34\/revisions\/1699"}],"wp:featuredmedia":[{"embeddable":true,"href":"https:\/\/www.harmoning.fr\/index.php?rest_route=\/wp\/v2\/media\/281"}],"wp:attachment":[{"href":"https:\/\/www.harmoning.fr\/index.php?rest_route=%2Fwp%2Fv2%2Fmedia&parent=34"}],"curies":[{"name":"wp","href":"https:\/\/api.w.org\/{rel}","templated":true}]}}