{"id":1371,"date":"2022-02-02T16:04:38","date_gmt":"2022-02-02T15:04:38","guid":{"rendered":"http:\/\/www.harmoning.fr\/?page_id=1371"},"modified":"2023-02-07T15:55:07","modified_gmt":"2023-02-07T14:55:07","slug":"les-ateliers-decouvertes","status":"publish","type":"page","link":"https:\/\/www.harmoning.fr\/?page_id=1371","title":{"rendered":"Les ateliers d\u00e9couvertes"},"content":{"rendered":"<p><span style=\"color: #000080;\">Les lundis apr\u00e8s midi de 14h30 \u00e0 17h00, nous vous proposons <strong>trois ateliers D\u00e9couverte<\/strong> compl\u00e9mentaires. Il se pr\u00e9sentent sous la forme d&rsquo;un quizz, vous permettent de mieux vous d\u00e9couvrir et vous aident \u00e0 s\u00e9lectionner les ateliers les plus adapt\u00e9s \u00e0 vos besoins dans l&rsquo;ensemble du programme.<\/span><\/p>\n<h3><span style=\"color: #ffcc99;\">D\u00e9couvrir son profil de personnalit\u00e9<\/span><\/h3>\n<p><span style=\"color: #000080;\"><strong>Les neuf profils de personnalit\u00e9<\/strong> d\u00e9finis par l&rsquo;<strong>Enn\u00e9agramme<\/strong> vous permettent d&rsquo;identifier votre profil, votre qualit\u00e9 principale, vos points forts, vos limites, vos motivations, vos m\u00e9canismes de d\u00e9fense &#8230; et aussi ceux des personnes de votre entourage.\u00a0 <\/span><span style=\"color: #000080;\">Ces mod\u00e8les ne sont ni fixes, ni d\u00e9finitifs : tous les \u00ab\u00a0points faibles\u00a0\u00bb de votre vie personnelle et relationnelle peuvent \u00eatre travaill\u00e9s et am\u00e9lior\u00e9s.\u00a0<\/span><\/p>\n<p><span style=\"color: #000080;\">Si vous souhaitez d\u00e9couvrir votre profil de personnalit\u00e9, vous pouvez vous inscrire en cliquant sur<\/span>\u00a0<strong><a href=\"https:\/\/www.harmoning.fr\/?page_id=456\"> ce lien<\/a><\/strong>\u00a0.<\/p>\n<h3><span style=\"color: #ff99cc;\">D\u00e9couvrir son quotient \u00e9motionnel<\/span><\/h3>\n<p><span style=\"color: #000080;\"><strong>Le quotient \u00e9motionnel<\/strong> mesure vos aptitudes face \u00e0 vos \u00e9motions et celles des autres . <\/span><span style=\"color: #000080;\">Il permet d&rsquo;appr\u00e9cier vos comp\u00e9tences personnelles (conscience, maitrise et motivation) et vos comp\u00e9tences sociales (empathie, leadership). <\/span><span style=\"color: #000080;\"> Il met en \u00e9vidence vos pistes d&rsquo;am\u00e9lioration et peut se d\u00e9velopper tout au long de votre vie.<\/span><\/p>\n<p><span style=\"color: #000080;\">Si vous souhaitez d\u00e9couvrir votre quotient \u00e9motionnel, vous pouvez vous inscrire en cliquant sur <\/span><strong><a href=\"https:\/\/www.harmoning.fr\/?page_id=456\">\u00a0ce lien<\/a><\/strong>\u00a0.<\/p>\n<h3><span style=\"color: #99ccff;\">D\u00e9couvrir son quotient relationnel<\/span><\/h3>\n<p><span style=\"color: #000080;\"><strong>Le quotient relationnel<\/strong> r\u00e9v\u00e8le votre capacit\u00e9 \u00e0 cr\u00e9er des liens harmonieux, \u00e9viter les relations toxiques et communiquer avec bienveillance en respectant votre identit\u00e9 et celle des autres. Il n\u00e9cessite une bonne connaissance de soi et une bonne gestion de vos besoins et de vos \u00e9motions et de ceux des autres. Il peut vous aider optimiser vos comp\u00e9tences relationnelles au service de votre bien-\u00eatre et celui des autres.<\/span><\/p>\n<p><span style=\"color: #000080;\">Si vous souhaitez d\u00e9couvrir votre quotient relationnel, vous pouvez vous inscrire en cliquant sur <\/span><a href=\"https:\/\/www.harmoning.fr\/?page_id=456\">\u00a0<strong>ce lien<\/strong><\/a>\u00a0.<\/p>\n","protected":false},"excerpt":{"rendered":"<p>Les lundis apr\u00e8s midi de 14h30 \u00e0 17h00, nous vous proposons trois ateliers D\u00e9couverte compl\u00e9mentaires. Il se pr\u00e9sentent sous la forme d&rsquo;un quizz, vous permettent de mieux vous d\u00e9couvrir et vous aident \u00e0 s\u00e9lectionner les ateliers les plus adapt\u00e9s \u00e0 vos besoins dans l&rsquo;ensemble du programme. D\u00e9couvrir son profil de personnalit\u00e9 Les neuf profils de &hellip; <a href=\"https:\/\/www.harmoning.fr\/?page_id=1371\" class=\"more-link\">Continuer la lecture<span class=\"screen-reader-text\"> de &laquo;&nbsp;Les ateliers d\u00e9couvertes&nbsp;&raquo;<\/span><\/a><\/p>\n","protected":false},"author":1,"featured_media":1312,"parent":0,"menu_order":0,"comment_status":"closed","ping_status":"closed","template":"","meta":{"_mi_skip_tracking":false},"_links":{"self":[{"href":"https:\/\/www.harmoning.fr\/index.php?rest_route=\/wp\/v2\/pages\/1371"}],"collection":[{"href":"https:\/\/www.harmoning.fr\/index.php?rest_route=\/wp\/v2\/pages"}],"about":[{"href":"https:\/\/www.harmoning.fr\/index.php?rest_route=\/wp\/v2\/types\/page"}],"author":[{"embeddable":true,"href":"https:\/\/www.harmoning.fr\/index.php?rest_route=\/wp\/v2\/users\/1"}],"replies":[{"embeddable":true,"href":"https:\/\/www.harmoning.fr\/index.php?rest_route=%2Fwp%2Fv2%2Fcomments&post=1371"}],"version-history":[{"count":17,"href":"https:\/\/www.harmoning.fr\/index.php?rest_route=\/wp\/v2\/pages\/1371\/revisions"}],"predecessor-version":[{"id":1701,"href":"https:\/\/www.harmoning.fr\/index.php?rest_route=\/wp\/v2\/pages\/1371\/revisions\/1701"}],"wp:featuredmedia":[{"embeddable":true,"href":"https:\/\/www.harmoning.fr\/index.php?rest_route=\/wp\/v2\/media\/1312"}],"wp:attachment":[{"href":"https:\/\/www.harmoning.fr\/index.php?rest_route=%2Fwp%2Fv2%2Fmedia&parent=1371"}],"curies":[{"name":"wp","href":"https:\/\/api.w.org\/{rel}","templated":true}]}}