{"id":1362,"date":"2022-02-02T15:24:37","date_gmt":"2022-02-02T14:24:37","guid":{"rendered":"http:\/\/www.harmoning.fr\/?page_id=1362"},"modified":"2022-02-20T15:41:42","modified_gmt":"2022-02-20T14:41:42","slug":"bien-etre-chez-soi","status":"publish","type":"page","link":"https:\/\/www.harmoning.fr\/?page_id=1362","title":{"rendered":"Coaching d\u00e9coration avec Hubert"},"content":{"rendered":"<p><span style=\"color: #000080;\">Votre maison est une projection de vous-m\u00eame. C\u2019est \u00e0 la fois votre refuge et votre havre de paix qui vous permet de vous isoler, de \u00a0vous sentir \u00e0 l\u2019abri et de vous ressourcer . C\u2019est aussi le lieu d\u2019\u00e9changes dans l\u2019intimit\u00e9 avec les membres de votre famille et de partages avec vos invit\u00e9s.<\/span><\/p>\n<p><span style=\"color: #000080;\">L\u2019architecture int\u00e9rieure permet de refl\u00e9ter votre personnalit\u00e9 \u00e0 travers l\u2019am\u00e9nagement et la d\u00e9coration de votre lieu de vie et d\u2019adapter votre confort \u00e0 votre style de vie.<\/span><\/p>\n<h3><span style=\"color: #000080;\"><strong>Mon exp\u00e9rience\u00a0<\/strong><\/span><\/h3>\n<p><span style=\"color: #000080;\">Passionn\u00e9 par la d\u00e9coration et l\u2019architecture, j\u2019ai d\u00e9cid\u00e9, apr\u00e8s dix-neuf ans de conseils dans le domaine du second \u0153uvre, de suivre une formation dipl\u00f4mante d\u2019architecte int\u00e9rieur aupr\u00e8s de L\u2019Ecole Nationale<\/span> <span style=\"color: #000080;\">du B\u00e2timent. Je vous propose mes comp\u00e9tences dans le cadre de l\u2019association, pour accompagner les adh\u00e9rents d\u00e9sireux d\u2019am\u00e9liorer l\u2019harmonie et le bien-\u00eatre de leur maison.<\/span><\/p>\n<p>&nbsp;<\/p>\n<h3><span style=\"color: #000080;\"><strong>La demande\u00a0<\/strong><\/span><\/h3>\n<p><span style=\"color: #000080;\">A partir des \u00e9l\u00e9ments fournis (description, plans, photographies &#8230;) et de votre demande, je vous propose de dresser ensemble une analyse de votre projet, par une approche technique et esth\u00e9tique, et d\u2019envisager des solutions d\u2019am\u00e9nagement ou de transformation. Cet \u00e9change fait appel \u00e0 votre personnalit\u00e9 et \u00e0 votre sensibilit\u00e9, pour vous permettre de devenir l\u2019acteur de votre confort et de votre bien-\u00eatre.<\/span><\/p>\n<p><span style=\"color: #000080;\">Le coaching d\u00e9coration s\u2019adresse \u00e0 des personnes qui souhaite faire \u00e9voluer leur lieu de vie, mais \u00e9galement aux personnes qui souhaitent approfondir individuellement les notions \u00e9voqu\u00e9es lors de la conf\u00e9rence \u00ab\u00a0<a href=\"https:\/\/www.harmoning.fr\/?page_id=435\"><strong>D\u00e9velopper son harmonie int\u00e9rieure<\/strong><\/a>\u00a0\u00bb ou au cours de l\u2019atelier \u00ab\u00a0<a href=\"https:\/\/www.harmoning.fr\/?page_id=365\"><strong>Harmoniser sa maison<\/strong>\u00a0<\/a>\u00bb \u2026<\/span><\/p>\n<h3><span style=\"color: #000080;\">La pratique<\/span><\/h3>\n<p><span style=\"color: #000080;\">Les coachings d\u00e9coration peuvent se r\u00e9aliser en rendez-vous dans nos locaux ou par \u00e9change de mails.<\/span><\/p>\n<p><span style=\"color: #000080;\">Si vous souhaitez b\u00e9n\u00e9ficier d&rsquo;un coaching d\u00e9coration,<a style=\"color: #000080;\" href=\"https:\/\/www.harmoning.fr\/?page_id=456\"> cliquez sur ce lien<\/a><\/span><\/p>\n","protected":false},"excerpt":{"rendered":"<p>Votre maison est une projection de vous-m\u00eame. C\u2019est \u00e0 la fois votre refuge et votre havre de paix qui vous permet de vous isoler, de \u00a0vous sentir \u00e0 l\u2019abri et de vous ressourcer . C\u2019est aussi le lieu d\u2019\u00e9changes dans l\u2019intimit\u00e9 avec les membres de votre famille et de partages avec vos invit\u00e9s. L\u2019architecture int\u00e9rieure &hellip; <a href=\"https:\/\/www.harmoning.fr\/?page_id=1362\" class=\"more-link\">Continuer la lecture<span class=\"screen-reader-text\"> de &laquo;&nbsp;Coaching d\u00e9coration avec Hubert&nbsp;&raquo;<\/span><\/a><\/p>\n","protected":false},"author":1,"featured_media":243,"parent":0,"menu_order":0,"comment_status":"closed","ping_status":"closed","template":"","meta":{"_mi_skip_tracking":false},"_links":{"self":[{"href":"https:\/\/www.harmoning.fr\/index.php?rest_route=\/wp\/v2\/pages\/1362"}],"collection":[{"href":"https:\/\/www.harmoning.fr\/index.php?rest_route=\/wp\/v2\/pages"}],"about":[{"href":"https:\/\/www.harmoning.fr\/index.php?rest_route=\/wp\/v2\/types\/page"}],"author":[{"embeddable":true,"href":"https:\/\/www.harmoning.fr\/index.php?rest_route=\/wp\/v2\/users\/1"}],"replies":[{"embeddable":true,"href":"https:\/\/www.harmoning.fr\/index.php?rest_route=%2Fwp%2Fv2%2Fcomments&post=1362"}],"version-history":[{"count":11,"href":"https:\/\/www.harmoning.fr\/index.php?rest_route=\/wp\/v2\/pages\/1362\/revisions"}],"predecessor-version":[{"id":1463,"href":"https:\/\/www.harmoning.fr\/index.php?rest_route=\/wp\/v2\/pages\/1362\/revisions\/1463"}],"wp:featuredmedia":[{"embeddable":true,"href":"https:\/\/www.harmoning.fr\/index.php?rest_route=\/wp\/v2\/media\/243"}],"wp:attachment":[{"href":"https:\/\/www.harmoning.fr\/index.php?rest_route=%2Fwp%2Fv2%2Fmedia&parent=1362"}],"curies":[{"name":"wp","href":"https:\/\/api.w.org\/{rel}","templated":true}]}}