{"id":1358,"date":"2022-02-02T15:18:08","date_gmt":"2022-02-02T14:18:08","guid":{"rendered":"http:\/\/www.harmoning.fr\/?page_id=1358"},"modified":"2022-02-02T16:06:35","modified_gmt":"2022-02-02T15:06:35","slug":"accompagnement-individuel","status":"publish","type":"page","link":"https:\/\/www.harmoning.fr\/?page_id=1358","title":{"rendered":"Coachings"},"content":{"rendered":"<p>Nous vous proposons des accompagnements individuels d&rsquo;une heure afin de r\u00e9pondre au mieux de vos besoins.<\/p>\n<p>Ils peuvent \u00eatre r\u00e9alis\u00e9s en pr\u00e9sentiel\u00a0dans nos locaux de Gr\u00e9oux les bains ou r\u00e9alis\u00e9s par t\u00e9l\u00e9phone ou skype.<\/p>\n<p>Nous vous proposons des coachings individuels et des coachings d\u00e9coration pour Vivre mieux en vous et chez vous.<\/p>\n","protected":false},"excerpt":{"rendered":"<p>Nous vous proposons des accompagnements individuels d&rsquo;une heure afin de r\u00e9pondre au mieux de vos besoins. Ils peuvent \u00eatre r\u00e9alis\u00e9s en pr\u00e9sentiel\u00a0dans nos locaux de Gr\u00e9oux les bains ou r\u00e9alis\u00e9s par t\u00e9l\u00e9phone ou skype. Nous vous proposons des coachings individuels et des coachings d\u00e9coration pour Vivre mieux en vous et chez vous.<\/p>\n","protected":false},"author":1,"featured_media":586,"parent":0,"menu_order":0,"comment_status":"closed","ping_status":"closed","template":"","meta":{"_mi_skip_tracking":false},"_links":{"self":[{"href":"https:\/\/www.harmoning.fr\/index.php?rest_route=\/wp\/v2\/pages\/1358"}],"collection":[{"href":"https:\/\/www.harmoning.fr\/index.php?rest_route=\/wp\/v2\/pages"}],"about":[{"href":"https:\/\/www.harmoning.fr\/index.php?rest_route=\/wp\/v2\/types\/page"}],"author":[{"embeddable":true,"href":"https:\/\/www.harmoning.fr\/index.php?rest_route=\/wp\/v2\/users\/1"}],"replies":[{"embeddable":true,"href":"https:\/\/www.harmoning.fr\/index.php?rest_route=%2Fwp%2Fv2%2Fcomments&post=1358"}],"version-history":[{"count":3,"href":"https:\/\/www.harmoning.fr\/index.php?rest_route=\/wp\/v2\/pages\/1358\/revisions"}],"predecessor-version":[{"id":1374,"href":"https:\/\/www.harmoning.fr\/index.php?rest_route=\/wp\/v2\/pages\/1358\/revisions\/1374"}],"wp:featuredmedia":[{"embeddable":true,"href":"https:\/\/www.harmoning.fr\/index.php?rest_route=\/wp\/v2\/media\/586"}],"wp:attachment":[{"href":"https:\/\/www.harmoning.fr\/index.php?rest_route=%2Fwp%2Fv2%2Fmedia&parent=1358"}],"curies":[{"name":"wp","href":"https:\/\/api.w.org\/{rel}","templated":true}]}}