{"id":1055,"date":"2020-02-17T17:47:56","date_gmt":"2020-02-17T16:47:56","guid":{"rendered":"http:\/\/www.harmoning.fr\/?page_id=1055"},"modified":"2023-02-07T16:04:58","modified_gmt":"2023-02-07T15:04:58","slug":"developper-son-intelligence-emotionnelle","status":"publish","type":"page","link":"https:\/\/www.harmoning.fr\/?page_id=1055","title":{"rendered":"Sortir des relations toxiques"},"content":{"rendered":"<blockquote>\n<p style=\"text-align: center;\"><span style=\"color: #008080;\">\u00a0 \u00a0 \u00a0 \u00a0 \u00ab\u00a0Tout ce qui nous irrite chez les autres, <\/span><span style=\"color: #008080;\">peut nous mener \u00e0 mieux nous conna\u00eetre \u00a0\u00bb\u00a0 \u00a0 \u00a0 \u00a0 \u00a0 Carl Gustav JUNG\u00a0<\/span> \u00a0 \u00a0 \u00a0 \u00a0 \u00a0 \u00a0 \u00a0 \u00a0 \u00a0 \u00a0 \u00a0 \u00a0 \u00a0 \u00a0 \u00a0 \u00a0 \u00a0 \u00a0 \u00a0 \u00a0 \u00a0 \u00a0 \u00a0<span style=\"color: #008080;\">\u00a0<\/span><\/p>\n<\/blockquote>\n<p><span style=\"color: #000080;\">Qu\u2019est ce qu\u2019une relation toxique ou de d\u00e9pendance affective ?\u00a0<\/span><span style=\"color: #000080;\">C\u2019est une relation qui ne vous permet pas de vous \u00e9panouir et dont les b\u00e9n\u00e9fices sont n\u00e9gatifs. <\/span><\/p>\n<p><span style=\"color: #000080;\">Or parfois, malgr\u00e9 toute votre bienveillance, votre amour et votre d\u00e9vouement, vous vous faites entra\u00eener dans des m\u00e9canismes d\u00e9sagr\u00e9ables et destructeurs.\u00a0 <\/span><\/p>\n<p><span style=\"color: #000080;\">En prenant conscience des d\u00e9clencheurs de ces comportements et en apprenant \u00e0 dire non avec bienveillance pour d\u00e9fendre vos besoins, vous apprenez \u00e0 vous respecter tout en respectant les autres et vous construisez des relations \u00e9panouissantes et harmonieuses.<\/span><\/p>\n<p><span style=\"color: #000080;\">Si vous souhaitez assister \u00e0 cette conf\u00e9rence cliquez sur <\/span><strong><a href=\"https:\/\/www.harmoning.fr\/?page_id=456\">ce lien.<\/a><\/strong><\/p>\n","protected":false},"excerpt":{"rendered":"<p>\u00a0 \u00a0 \u00a0 \u00a0 \u00ab\u00a0Tout ce qui nous irrite chez les autres, peut nous mener \u00e0 mieux nous conna\u00eetre \u00a0\u00bb\u00a0 \u00a0 \u00a0 \u00a0 \u00a0 Carl Gustav JUNG\u00a0 \u00a0 \u00a0 \u00a0 \u00a0 \u00a0 \u00a0 \u00a0 \u00a0 \u00a0 \u00a0 \u00a0 \u00a0 \u00a0 \u00a0 \u00a0 \u00a0 \u00a0 \u00a0 \u00a0 \u00a0 \u00a0 \u00a0 \u00a0\u00a0 Qu\u2019est ce qu\u2019une relation toxique &hellip; <a href=\"https:\/\/www.harmoning.fr\/?page_id=1055\" class=\"more-link\">Continuer la lecture<span class=\"screen-reader-text\"> de &laquo;&nbsp;Sortir des relations toxiques&nbsp;&raquo;<\/span><\/a><\/p>\n","protected":false},"author":1,"featured_media":1559,"parent":0,"menu_order":0,"comment_status":"closed","ping_status":"closed","template":"","meta":{"_mi_skip_tracking":false},"_links":{"self":[{"href":"https:\/\/www.harmoning.fr\/index.php?rest_route=\/wp\/v2\/pages\/1055"}],"collection":[{"href":"https:\/\/www.harmoning.fr\/index.php?rest_route=\/wp\/v2\/pages"}],"about":[{"href":"https:\/\/www.harmoning.fr\/index.php?rest_route=\/wp\/v2\/types\/page"}],"author":[{"embeddable":true,"href":"https:\/\/www.harmoning.fr\/index.php?rest_route=\/wp\/v2\/users\/1"}],"replies":[{"embeddable":true,"href":"https:\/\/www.harmoning.fr\/index.php?rest_route=%2Fwp%2Fv2%2Fcomments&post=1055"}],"version-history":[{"count":19,"href":"https:\/\/www.harmoning.fr\/index.php?rest_route=\/wp\/v2\/pages\/1055\/revisions"}],"predecessor-version":[{"id":1711,"href":"https:\/\/www.harmoning.fr\/index.php?rest_route=\/wp\/v2\/pages\/1055\/revisions\/1711"}],"wp:featuredmedia":[{"embeddable":true,"href":"https:\/\/www.harmoning.fr\/index.php?rest_route=\/wp\/v2\/media\/1559"}],"wp:attachment":[{"href":"https:\/\/www.harmoning.fr\/index.php?rest_route=%2Fwp%2Fv2%2Fmedia&parent=1055"}],"curies":[{"name":"wp","href":"https:\/\/api.w.org\/{rel}","templated":true}]}}